{"id":620,"date":"2024-09-11T20:04:14","date_gmt":"2024-09-11T20:04:14","guid":{"rendered":"https:\/\/ugelgsc.gob.pe\/ugel\/?page_id=620"},"modified":"2024-09-27T00:46:40","modified_gmt":"2024-09-27T00:46:40","slug":"esp-ed-secundaria-ciencia-y-tecnologia","status":"publish","type":"page","link":"https:\/\/ugelgsc.gob.pe\/ugel\/esp-ed-secundaria-ciencia-y-tecnologia\/","title":{"rendered":"Esp.Ed.Secundaria &#8211; Ciencia y Tecnologia"},"content":{"rendered":"\n<figure class=\"wp-block-image size-full\"><img loading=\"lazy\" decoding=\"async\" width=\"822\" height=\"939\" src=\"https:\/\/ugelgsc.gob.pe\/ugel\/wp-content\/uploads\/2024\/09\/Nueva-imagen.png\" alt=\"\" class=\"wp-image-633\" srcset=\"https:\/\/ugelgsc.gob.pe\/ugel\/wp-content\/uploads\/2024\/09\/Nueva-imagen.png 822w, https:\/\/ugelgsc.gob.pe\/ugel\/wp-content\/uploads\/2024\/09\/Nueva-imagen-263x300.png 263w, https:\/\/ugelgsc.gob.pe\/ugel\/wp-content\/uploads\/2024\/09\/Nueva-imagen-768x877.png 768w\" sizes=\"auto, (max-width: 822px) 100vw, 822px\" \/><\/figure>\n\n\n\n<div class=\"wp-block-columns is-layout-flex wp-container-core-columns-is-layout-28f84493 wp-block-columns-is-layout-flex\">\n<div class=\"wp-block-column is-layout-flow wp-block-column-is-layout-flow\" style=\"flex-basis:100%\">\n<div class=\"wp-block-columns is-layout-flex wp-container-core-columns-is-layout-28f84493 wp-block-columns-is-layout-flex\">\n<div class=\"wp-block-column is-layout-flow wp-block-column-is-layout-flow\"><\/div>\n\n\n\n<div class=\"wp-block-column is-layout-flow wp-block-column-is-layout-flow\"><\/div>\n<\/div>\n<\/div>\n<\/div>\n\n\n\n<div class=\"wp-block-columns is-layout-flex wp-container-core-columns-is-layout-28f84493 wp-block-columns-is-layout-flex\">\n<div class=\"wp-block-column is-layout-flow wp-block-column-is-layout-flow\" style=\"flex-basis:100%\">\n<div class=\"wp-block-group has-global-padding is-layout-constrained wp-block-group-is-layout-constrained\">\n<figure class=\"wp-block-table is-style-stripes\" style=\"margin-top:var(--wp--preset--spacing--20);margin-bottom:var(--wp--preset--spacing--20);line-height:0.3;text-transform:uppercase\"><table class=\"has-fixed-layout\" style=\"border-style:none;border-width:0px\"><tbody><tr><td><img loading=\"lazy\" decoding=\"async\" width=\"25\" height=\"30\" class=\"wp-image-9\" style=\"width: 25px;\" src=\"https:\/\/ugelgsc.gob.pe\/ugel\/wp-content\/uploads\/2024\/05\/IconoPDF.png\" alt=\"\">  <a href=\"https:\/\/drive.google.com\/file\/d\/14_9x0e1onfH0GdGHiyOdlAyvOxr3AXT8\/view?usp=sharing\" target=\"_blank\" rel=\"noreferrer noopener\"><strong>Guia-informativa-para-directores-y-docentes-ENLA-2024<\/strong><\/a><\/td><\/tr><tr><td><img loading=\"lazy\" decoding=\"async\" width=\"25\" height=\"30\" class=\"wp-image-9\" style=\"width: 25px;\" src=\"https:\/\/ugelgsc.gob.pe\/ugel\/wp-content\/uploads\/2024\/05\/IconoPDF.png\" alt=\"\">  <a href=\"https:\/\/drive.google.com\/file\/d\/1rhBRfx5gHguvhcFT9QdjAfpNdJaEQfBP\/view?usp=sharing\" target=\"_blank\" rel=\"noreferrer noopener\"> <strong>Infografia-ENLA-2024<\/strong><\/a><\/td><\/tr><tr><td><img loading=\"lazy\" decoding=\"async\" width=\"25\" height=\"21\" class=\"wp-image-648\" style=\"width: 25px;\" src=\"https:\/\/ugelgsc.gob.pe\/ugel\/wp-content\/uploads\/2024\/09\/Camara.png\" alt=\"\"> <a href=\"https:\/\/drive.google.com\/file\/d\/1zKfHzr9yyhfLu9cQbHYbi4YgWFb2x3ny\/view?usp=sharing\" target=\"_blank\" rel=\"noreferrer noopener\"><strong> Ver el video<\/strong><\/a><\/td><\/tr><tr><td><\/td><\/tr><\/tbody><\/table><\/figure>\n<\/div>\n<\/div>\n<\/div>\n\n\n\n<figure class=\"wp-block-image size-full\"><img loading=\"lazy\" decoding=\"async\" width=\"1024\" height=\"768\" src=\"https:\/\/ugelgsc.gob.pe\/ugel\/wp-content\/uploads\/2024\/09\/Eureka2024.jpg\" alt=\"\" class=\"wp-image-676\" srcset=\"https:\/\/ugelgsc.gob.pe\/ugel\/wp-content\/uploads\/2024\/09\/Eureka2024.jpg 1024w, https:\/\/ugelgsc.gob.pe\/ugel\/wp-content\/uploads\/2024\/09\/Eureka2024-300x225.jpg 300w, https:\/\/ugelgsc.gob.pe\/ugel\/wp-content\/uploads\/2024\/09\/Eureka2024-768x576.jpg 768w\" sizes=\"auto, (max-width: 1024px) 100vw, 1024px\" \/><\/figure>\n\n\n\n<p class=\"has-text-align-center\"><strong>XXXIV Feria Escolar Nacional de<br>Ciencia y Tecnolog\u00eda EUREKA<br>2024<\/strong><\/p>\n\n\n<p><em><strong>RESULTADOS DE LA ETAPA UGELFENCYT EUREKA 2024<\/strong><\/em><\/p>\n\n\n<p>Saludos cordiales estimad@s directores y docentes asesores; el d\u00eda de ayer se llev\u00f3 a cabo la XXXIV Feria Escolar Nacional de Ciencia y Tecnolog\u00eda \u201cEUREKA\u201d 2024, y debemos dar gracias a Dios por permitir que los y las estudiantes del nivel Primario y Secundario, presenten sus trabajos, fruto del esfuerzo de los estudiantes y el apoyo de los docentes asesores y padres de Familia . En esta etapa UGEL participaron estudiantes de las II,EE, con un total de 85 proyectos de investigaci\u00f3n, de los cuales se da a conocer los dos primeros puestos de cada Categor\u00eda , siendo los dos primeros puestos del \u00e1rea de Ciencia y Tecnolog\u00eda y el primer puesto del \u00e1rea de Cs. Sociales, de las Categor\u00edas Dy E del nivel secundario; quienes nos representar\u00e1n en la Etapa Regional de la FERIA ESCOLAR NACIONAL DE CIENCIA Y TECNOLOG\u00cdA EUREKA 2024.<br>Felicitaciones y bendiciones para tod@s.<br>Atentamente,<br>Dr. Juan Manuel Bernedo Soto<br>Dra. Ana Mar\u00eda Apaza Yto<br>Mg. Juan Carlos Vega Yana<br>Integrantes de la Comisi\u00f3n&nbsp;Organizadora.<\/p>\n\n\n<p><img loading=\"lazy\" decoding=\"async\" class=\"alignnone  wp-image-9\" src=\"https:\/\/ugelgsc.gob.pe\/ugel\/wp-content\/uploads\/2024\/05\/IconoPDF.png\" alt=\"\" width=\"25\" height=\"30\" \/>\u00a0 <a href=\"https:\/\/drive.google.com\/file\/d\/1CbmQZsf7gkhgvKdCvLsJhun--jVU82R_\/view?usp=sharing\" target=\"_blank\" rel=\"noopener\"><em><strong>RESULTADOS DE LA ETAPA UGELFENCYT EUREKA 2024<\/strong><\/em><\/a><\/p>","protected":false},"excerpt":{"rendered":"<p>Guia-informativa-para-directores-y-docentes-ENLA-2024 Infografia-ENLA-2024 Ver el video XXXIV Feria Escolar Nacional deCiencia y Tecnolog\u00eda EUREKA2024 RESULTADOS DE&#8230;<\/p>\n","protected":false},"author":2,"featured_media":710,"parent":0,"menu_order":0,"comment_status":"closed","ping_status":"closed","template":"","meta":{"footnotes":""},"class_list":["post-620","page","type-page","status-publish","has-post-thumbnail","hentry"],"_links":{"self":[{"href":"https:\/\/ugelgsc.gob.pe\/ugel\/wp-json\/wp\/v2\/pages\/620","targetHints":{"allow":["GET"]}}],"collection":[{"href":"https:\/\/ugelgsc.gob.pe\/ugel\/wp-json\/wp\/v2\/pages"}],"about":[{"href":"https:\/\/ugelgsc.gob.pe\/ugel\/wp-json\/wp\/v2\/types\/page"}],"author":[{"embeddable":true,"href":"https:\/\/ugelgsc.gob.pe\/ugel\/wp-json\/wp\/v2\/users\/2"}],"replies":[{"embeddable":true,"href":"https:\/\/ugelgsc.gob.pe\/ugel\/wp-json\/wp\/v2\/comments?post=620"}],"version-history":[{"count":11,"href":"https:\/\/ugelgsc.gob.pe\/ugel\/wp-json\/wp\/v2\/pages\/620\/revisions"}],"predecessor-version":[{"id":715,"href":"https:\/\/ugelgsc.gob.pe\/ugel\/wp-json\/wp\/v2\/pages\/620\/revisions\/715"}],"wp:featuredmedia":[{"embeddable":true,"href":"https:\/\/ugelgsc.gob.pe\/ugel\/wp-json\/wp\/v2\/media\/710"}],"wp:attachment":[{"href":"https:\/\/ugelgsc.gob.pe\/ugel\/wp-json\/wp\/v2\/media?parent=620"}],"curies":[{"name":"wp","href":"https:\/\/api.w.org\/{rel}","templated":true}]}}